{"id":182,"date":"2019-07-03T11:25:48","date_gmt":"2019-07-03T11:25:48","guid":{"rendered":"http:\/\/demo.novitec.io\/riverbreeze\/riverbreeze\/"},"modified":"2021-01-06T23:51:17","modified_gmt":"2021-01-06T23:51:17","slug":"https-kliversala-com","status":"publish","type":"page","link":"https:\/\/riverbreeze.eu\/lv\/","title":{"rendered":"P\u0101rskats"},"content":{"rendered":"<section id=\"media-block-block_5d1dba8e599ff\" class=\"media-block alignwide w-41 ml-auto first-block  normal\" >\n    <div class=\"media-block__container w-41\">\n    <div class='media media__image w-41'><div class='media__item '  data-width=\"1312\" data-height=\"768\" data-ratio='1312\/768' ><img class='lazyload media__image' src='data:image\/gif;base64,R0lGODlhAQABAAAAACH5BAEKAAEALAAAAAABAAEAAAICTAEAOw==' data-srcset='https:\/\/riverbreeze.eu\/wp-content\/uploads\/2019\/08\/Overview-IMG-01-1-2560x1499.jpg 2560w,https:\/\/riverbreeze.eu\/wp-content\/uploads\/2019\/08\/Overview-IMG-01-1-1920x1124.jpg 1920w,https:\/\/riverbreeze.eu\/wp-content\/uploads\/2019\/08\/Overview-IMG-01-1-1440x843.jpg 1440w,https:\/\/riverbreeze.eu\/wp-content\/uploads\/2019\/08\/Overview-IMG-01-1-768x450.jpg 768w,https:\/\/riverbreeze.eu\/wp-content\/uploads\/2019\/08\/Overview-IMG-01-1-320x187.jpg 320w' data-sizes='auto' id=\"media-item-media-block-block_5d1dba8e599ff\"\/><div class='subtitle overlay'><p><span class=\"sub-title\">P\u0101rskats<\/span><\/p>\n<h2>Moderna pils ar elpu aizraujo\u0161iem skatiem<\/h2>\n<\/div><\/div><\/div>\n      <\/div>\n<\/section>\n\r\n\r\n\n<section id=\"combo-column-block_5d1dc89a59a01\" class=\"combo-column alignwide  \">\n    <div class=\"combo-column__container w-41 ml-auto\">\n    \n    <div class=\"combo-column__content ui row \">\n      <div class=\"combo-column__left w-20\">\n        <div class='media media__image w-20 '><div class='media__item w-20'  data-width=\"640\" data-height=\"768\" data-ratio='640\/768' ><img class='lazyload media__image' src='data:image\/gif;base64,R0lGODlhAQABAAAAACH5BAEKAAEALAAAAAABAAEAAAICTAEAOw==' data-srcset='https:\/\/riverbreeze.eu\/wp-content\/uploads\/2019\/08\/stock-photo-bride-in-the-nice-earrings-next-to-the-window-424555063@2x.jpg 1280w,https:\/\/riverbreeze.eu\/wp-content\/uploads\/2019\/08\/stock-photo-bride-in-the-nice-earrings-next-to-the-window-424555063@2x.jpg 1280w,https:\/\/riverbreeze.eu\/wp-content\/uploads\/2019\/08\/stock-photo-bride-in-the-nice-earrings-next-to-the-window-424555063@2x.jpg 1280w,https:\/\/riverbreeze.eu\/wp-content\/uploads\/2019\/08\/stock-photo-bride-in-the-nice-earrings-next-to-the-window-424555063@2x-768x922.jpg 768w,https:\/\/riverbreeze.eu\/wp-content\/uploads\/2019\/08\/stock-photo-bride-in-the-nice-earrings-next-to-the-window-424555063@2x-320x384.jpg 320w' data-sizes='auto' \/><\/div><\/div>      <\/div>\n\n      <div class=\"combo-column__right w-21 ui column\">\n        <div class='media media__image w-21'><div class='media__item w-21'  data-width=\"672\" data-height=\"384\" data-ratio='672\/384' ><img class='lazyload media__image' src='data:image\/gif;base64,R0lGODlhAQABAAAAACH5BAEKAAEALAAAAAABAAEAAAICTAEAOw==' data-srcset='https:\/\/riverbreeze.eu\/wp-content\/uploads\/2019\/07\/Overview-IMG-04.jpg 1344w,https:\/\/riverbreeze.eu\/wp-content\/uploads\/2019\/07\/Overview-IMG-04.jpg 1344w,https:\/\/riverbreeze.eu\/wp-content\/uploads\/2019\/07\/Overview-IMG-04.jpg 1344w,https:\/\/riverbreeze.eu\/wp-content\/uploads\/2019\/07\/Overview-IMG-04-768x439.jpg 768w,https:\/\/riverbreeze.eu\/wp-content\/uploads\/2019\/07\/Overview-IMG-04-320x183.jpg 320w' data-sizes='auto' \/><\/div><\/div><div class=\"h3 ml-4 mr-4 mt-auto has-line text-animated\" >J\u016bsu elegant\u0101s m\u0101jas vestibil\u0101, J\u016bs vienm\u0113r sagaid\u012bs laipns administrators<\/div><div class=\"text ml-4 mt-1 mr-4 mb-auto text-animated\" >M\u016bsu iedz\u012bvot\u0101ju priv\u0101tums mums ir \u013coti svar\u012bgs. M\u0113s v\u0113lamies, lai j\u016bs justos dro\u0161i un aizsarg\u0101ti sav\u0101s m\u0101j\u0101s. River Breeze Residence tie\u0161\u0101m ir j\u016bsu pils.<\/div>      <\/div>\n    <\/div>\n  <\/div>\n<\/section>\r\n\r\n\n<section id=\"combo-column-block_5d1dd22970bdd\" class=\"combo-column alignwide  has-bg\">\n    <div class=\"combo-column__container w-41 ml-auto\">\n    \n    <div class=\"combo-column__content ui row bg--brown\">\n      <div class=\"combo-column__left w-21\">\n        <div class='media media__image w-21'><div class='media__item ml-4 mr-5 mt-4 mb-4'  data-width=\"384\" data-height=\"512\" data-ratio='384\/512' ><img class='lazyload media__image' src='data:image\/gif;base64,R0lGODlhAQABAAAAACH5BAEKAAEALAAAAAABAAEAAAICTAEAOw==' data-srcset='https:\/\/riverbreeze.eu\/wp-content\/uploads\/2019\/07\/Overview-IMG-05.jpg 768w,https:\/\/riverbreeze.eu\/wp-content\/uploads\/2019\/07\/Overview-IMG-05.jpg 768w,https:\/\/riverbreeze.eu\/wp-content\/uploads\/2019\/07\/Overview-IMG-05.jpg 768w,https:\/\/riverbreeze.eu\/wp-content\/uploads\/2019\/07\/Overview-IMG-05-768x1024.jpg 768w,https:\/\/riverbreeze.eu\/wp-content\/uploads\/2019\/07\/Overview-IMG-05-320x427.jpg 320w' data-sizes='auto' \/><\/div><\/div>      <\/div>\n\n      <div class=\"combo-column__right w-20 ui column v-center\">\n        <div class=\"text mr-4 sub-title text-animated\" >Paman\u0101ma kvalit\u0101te<\/div><div class=\"h2 mt-1 mr-4 h2 text-animated\" >\u0160ie augst\u0101k\u0101s klases dz\u012bvok\u013ci ir veidoti pie\u0161\u0137irot \u012bpa\u0161u uzman\u012bbu deta\u013c\u0101m<\/div>      <\/div>\n    <\/div>\n  <\/div>\n<\/section>\r\n\r\n<section id=\"media-block-block_5d1dd3b470be1\" class=\"media-block alignwide   normal\" >\n    <div class=\"media-block__container w-41 ml-auto\">\n    <div class='media media__image w-41'><div class='media__item '  data-width=\"1312\" data-height=\"768\" data-ratio='1312\/768' ><img class='lazyload media__image' src='data:image\/gif;base64,R0lGODlhAQABAAAAACH5BAEKAAEALAAAAAABAAEAAAICTAEAOw==' data-srcset='https:\/\/riverbreeze.eu\/wp-content\/uploads\/2019\/07\/Overview-IMG-06-2560x1499.jpg 2560w,https:\/\/riverbreeze.eu\/wp-content\/uploads\/2019\/07\/Overview-IMG-06-1920x1124.jpg 1920w,https:\/\/riverbreeze.eu\/wp-content\/uploads\/2019\/07\/Overview-IMG-06-1440x843.jpg 1440w,https:\/\/riverbreeze.eu\/wp-content\/uploads\/2019\/07\/Overview-IMG-06-768x450.jpg 768w,https:\/\/riverbreeze.eu\/wp-content\/uploads\/2019\/07\/Overview-IMG-06-320x187.jpg 320w' data-sizes='auto' id=\"media-item-media-block-block_5d1dd3b470be1\"\/><\/div><\/div>\n      <\/div>\n<\/section>\n\r\n\r\n\n<section id=\"combo-column-block_5d1dd51370be2\" class=\"combo-column alignwide  has-inner-bg\">\n    <div class=\"combo-column__container w-41 ml-auto\">\n    \n    <div class=\"combo-column__content ui row \">\n      <div class=\"combo-column__left w-21 bg--brown ui column\">\n        <div class=\"text ml-4 mr-5 mt-auto sub-title text-animated\" >Akt\u012bv\u0101s atp\u016btas iesp\u0113jas<\/div><div class=\"h2 ml-4 mr-5 mt-1 mb-auto h2 text-animated\" >Turot roku uz pils\u0113tas dz\u012bves pulsa ar\u012b j\u016bs varat paaugstin\u0101t savu pulsu, izbaudot \u0101ra treni\u0146us svaig\u0101 gais\u0101, apza\u013cumotaj\u0101 teritorij\u0101 ap m\u0101ju vai doties izbraucien\u0101 ar jahtu vai ku\u0123\u012bti pa Daugavu tie\u0161i pie m\u0101jas.<\/div>      <\/div>\n\n      <div class=\"combo-column__right w-20\">\n        <div class='media media__image w-20'><div class='media__item ml-4 mr-4 mt-4 mb-4'  data-width=\"384\" data-height=\"512\" data-ratio='384\/512' ><img class='lazyload media__image' src='data:image\/gif;base64,R0lGODlhAQABAAAAACH5BAEKAAEALAAAAAABAAEAAAICTAEAOw==' data-srcset='https:\/\/riverbreeze.eu\/wp-content\/uploads\/2019\/07\/DJI_0053-edited-sky@2x.jpg 768w,https:\/\/riverbreeze.eu\/wp-content\/uploads\/2019\/07\/DJI_0053-edited-sky@2x.jpg 768w,https:\/\/riverbreeze.eu\/wp-content\/uploads\/2019\/07\/DJI_0053-edited-sky@2x.jpg 768w,https:\/\/riverbreeze.eu\/wp-content\/uploads\/2019\/07\/DJI_0053-edited-sky@2x-768x1024.jpg 768w,https:\/\/riverbreeze.eu\/wp-content\/uploads\/2019\/07\/DJI_0053-edited-sky@2x-320x427.jpg 320w' data-sizes='auto' \/><\/div><\/div>      <\/div>\n    <\/div>\n  <\/div>\n<\/section>\r\n\r\n\n<section id=\"combo-column-block_5d3e911f3167d\" class=\"combo-column alignwide  has-inner-bg\">\n    <div class=\"combo-column__container w-41 ml-auto\">\n    \n    <div class=\"combo-column__content ui row \">\n      <div class=\"combo-column__left w-21 ui column\">\n        <div class=\"h2 ml-4 mr-5 mt-auto mb-auto h2 text-animated\" >Blakus eso\u0161aj\u0101 \u0113k\u0101, tikai 2 min\u016b\u0161u g\u0101jiena att\u0101lum\u0101, atrodas priv\u0101ts fitnesa klubs ONLY. Fitnesa klubs tiem, kas v\u0113las baud\u012bt vesel\u012bgu dz\u012bvesveidu, \u012bpa\u0161u uzman\u012bbu piev\u0113r\u0161ot visp\u0101r\u0113jam komfortam un sp\u0113jai piel\u0101goties klientu individu\u0101laj\u0101m vajadz\u012bb\u0101m.<\/div>      <\/div>\n\n      <div class=\"combo-column__right w-20\">\n        <div class='media media__image w-20'><div class='media__item '  data-width=\"641\" data-height=\"768\" data-ratio='641\/768' ><img class='lazyload media__image' src='data:image\/gif;base64,R0lGODlhAQABAAAAACH5BAEKAAEALAAAAAABAAEAAAICTAEAOw==' data-srcset='https:\/\/riverbreeze.eu\/wp-content\/uploads\/2019\/07\/15_sec_-3-2-still.png 641w,https:\/\/riverbreeze.eu\/wp-content\/uploads\/2019\/07\/15_sec_-3-2-still.png 641w,https:\/\/riverbreeze.eu\/wp-content\/uploads\/2019\/07\/15_sec_-3-2-still.png 641w,https:\/\/riverbreeze.eu\/wp-content\/uploads\/2019\/07\/15_sec_-3-2-still.png 641w,https:\/\/riverbreeze.eu\/wp-content\/uploads\/2019\/07\/15_sec_-3-2-still-320x383.png 320w' data-sizes='auto' \/><\/div><\/div>      <\/div>\n    <\/div>\n  <\/div>\n<\/section>\r\n\r\n<section id=\"media-block-block_5d1dd62b70be6\" class=\"media-block alignwide   normal\" >\n    <div class=\"media-block__container w-41 ml-auto\">\n    <div class='media media__image w-41'><div class='media__item '  data-width=\"1312\" data-height=\"768\" data-ratio='1312\/768' ><img class='lazyload media__image' src='data:image\/gif;base64,R0lGODlhAQABAAAAACH5BAEKAAEALAAAAAABAAEAAAICTAEAOw==' data-srcset='https:\/\/riverbreeze.eu\/wp-content\/uploads\/2019\/07\/DJI_0092-edited@2x-2560x1499.jpg 2560w,https:\/\/riverbreeze.eu\/wp-content\/uploads\/2019\/07\/DJI_0092-edited@2x-1920x1124.jpg 1920w,https:\/\/riverbreeze.eu\/wp-content\/uploads\/2019\/07\/DJI_0092-edited@2x-1440x843.jpg 1440w,https:\/\/riverbreeze.eu\/wp-content\/uploads\/2019\/07\/DJI_0092-edited@2x-768x450.jpg 768w,https:\/\/riverbreeze.eu\/wp-content\/uploads\/2019\/07\/DJI_0092-edited@2x-320x187.jpg 320w' data-sizes='auto' id=\"media-item-media-block-block_5d1dd62b70be6\"\/><\/div><\/div>\n      <\/div>\n<\/section>\n\r\n\r\n\n<section id=\"combo-column-block_5d1dd82470be9\" class=\"combo-column alignwide  w-41 mt-5 mb-6 ml-auto\">\n    <div class=\"combo-column__container \">\n    \n    <div class=\"combo-column__content ui row \">\n      <div class=\"combo-column__left w-29 pl-4\">\n        <div class=\"text sub-title text-animated\" >Elpu aizraujo\u0161s panor\u0101mas skats uz Vecr\u012bgu un Daugavu<\/div><div class=\"h2 mt-1 text-animated\" >Za\u013cumu ieskauta majest\u0101tisk\u0101 \u0113ka atrodas Kliversalas v\u0113sturisk\u0101s pussalas pa\u0161\u0101 gal\u0101, blakus skaistajai Daugavai.<\/div>      <\/div>\n\n      <div class=\"combo-column__right \">\n              <\/div>\n    <\/div>\n  <\/div>\n<\/section>\r\n\r\n<section id=\"media-block-block_5d1dd95870bec\" class=\"media-block alignwide   normal\" >\n    <div class=\"media-block__container w-41 ml-auto\">\n    <div class='media media__image w-41'><div class='media__item '  data-width=\"1312\" data-height=\"768\" data-ratio='1312\/768' ><img class='lazyload media__image' src='data:image\/gif;base64,R0lGODlhAQABAAAAACH5BAEKAAEALAAAAAABAAEAAAICTAEAOw==' data-srcset='https:\/\/riverbreeze.eu\/wp-content\/uploads\/2019\/08\/Overview-IMG-09-3-2560x1499.jpg 2560w,https:\/\/riverbreeze.eu\/wp-content\/uploads\/2019\/08\/Overview-IMG-09-3-1920x1124.jpg 1920w,https:\/\/riverbreeze.eu\/wp-content\/uploads\/2019\/08\/Overview-IMG-09-3-1440x843.jpg 1440w,https:\/\/riverbreeze.eu\/wp-content\/uploads\/2019\/08\/Overview-IMG-09-3-768x450.jpg 768w,https:\/\/riverbreeze.eu\/wp-content\/uploads\/2019\/08\/Overview-IMG-09-3-320x187.jpg 320w' data-sizes='auto' id=\"media-item-media-block-block_5d1dd95870bec\"\/><\/div><\/div>\n      <\/div>\n<\/section>\n\r\n\r\n\n<section id=\"combo-column-block_5d1dd9a170bed\" class=\"combo-column alignwide  \">\n    <div class=\"combo-column__container w-41 ml-auto\">\n    \n    <div class=\"combo-column__content ui row \">\n      <div class=\"combo-column__left ui column w-21\">\n        <div class='media media__image w-21'><div class='media__item '  data-width=\"672\" data-height=\"384\" data-ratio='672\/384' ><img class='lazyload media__image' src='data:image\/gif;base64,R0lGODlhAQABAAAAACH5BAEKAAEALAAAAAABAAEAAAICTAEAOw==' data-srcset='https:\/\/riverbreeze.eu\/wp-content\/uploads\/2019\/08\/stock-photo-portrait-in-full-growth-beautiful-young-woman-in-red-flowers-dress-in-the-shop-225893332-bw@2x.jpg 1344w,https:\/\/riverbreeze.eu\/wp-content\/uploads\/2019\/08\/stock-photo-portrait-in-full-growth-beautiful-young-woman-in-red-flowers-dress-in-the-shop-225893332-bw@2x.jpg 1344w,https:\/\/riverbreeze.eu\/wp-content\/uploads\/2019\/08\/stock-photo-portrait-in-full-growth-beautiful-young-woman-in-red-flowers-dress-in-the-shop-225893332-bw@2x.jpg 1344w,https:\/\/riverbreeze.eu\/wp-content\/uploads\/2019\/08\/stock-photo-portrait-in-full-growth-beautiful-young-woman-in-red-flowers-dress-in-the-shop-225893332-bw@2x-768x439.jpg 768w,https:\/\/riverbreeze.eu\/wp-content\/uploads\/2019\/08\/stock-photo-portrait-in-full-growth-beautiful-young-woman-in-red-flowers-dress-in-the-shop-225893332-bw@2x-320x183.jpg 320w' data-sizes='auto' \/><\/div><\/div><div class=\"h3 has-line ml-4 mr-5 mt-auto text-animated\" >R\u012bgas lab\u0101kie veikali, restor\u0101ni un atp\u016btas vietas atrodas pavisam net\u0101lu<\/div><div class=\"text ml-4 mr-5 mt-1 mb-auto text-animated\" >Izejiet no priv\u0101t\u0101 pagalma, lai baud\u012btu gard\u0113\u017eu \u0113dienus un kult\u016bru, izbaudiet lab\u0101ko iepirk\u0161anos vai atp\u016btieties bot\u0101nisk\u0101 d\u0101rza tauri\u0146u m\u0101j\u0101.<\/div>      <\/div>\n\n      <div class=\"combo-column__right w-20\">\n        <div class='media media__image w-20'><div class='media__item '  data-width=\"640\" data-height=\"768\" data-ratio='640\/768' ><img class='lazyload media__image' src='data:image\/gif;base64,R0lGODlhAQABAAAAACH5BAEKAAEALAAAAAABAAEAAAICTAEAOw==' data-srcset='https:\/\/riverbreeze.eu\/wp-content\/uploads\/2019\/08\/stock-photo-riga-latvia-june-omas-briljants-cafeteria-and-pub-located-on-the-old-town-of-riga-city-1080169190@2x.jpg 1280w,https:\/\/riverbreeze.eu\/wp-content\/uploads\/2019\/08\/stock-photo-riga-latvia-june-omas-briljants-cafeteria-and-pub-located-on-the-old-town-of-riga-city-1080169190@2x.jpg 1280w,https:\/\/riverbreeze.eu\/wp-content\/uploads\/2019\/08\/stock-photo-riga-latvia-june-omas-briljants-cafeteria-and-pub-located-on-the-old-town-of-riga-city-1080169190@2x.jpg 1280w,https:\/\/riverbreeze.eu\/wp-content\/uploads\/2019\/08\/stock-photo-riga-latvia-june-omas-briljants-cafeteria-and-pub-located-on-the-old-town-of-riga-city-1080169190@2x-768x922.jpg 768w,https:\/\/riverbreeze.eu\/wp-content\/uploads\/2019\/08\/stock-photo-riga-latvia-june-omas-briljants-cafeteria-and-pub-located-on-the-old-town-of-riga-city-1080169190@2x-320x384.jpg 320w' data-sizes='auto' \/><\/div><\/div>      <\/div>\n    <\/div>\n  <\/div>\n<\/section>\r\n\r\n\n<section id=\"combo-column-block_5d1ddc0a70bf2\" class=\"combo-column alignwide  \">\n    <div class=\"combo-column__container w-41 ml-auto\">\n    \n    <div class=\"combo-column__content ui row \">\n      <div class=\"combo-column__left w-21\">\n        <div class='media media__image w-21'><div class='media__item '  data-width=\"672\" data-height=\"384\" data-ratio='672\/384' ><img class='lazyload media__image' src='data:image\/gif;base64,R0lGODlhAQABAAAAACH5BAEKAAEALAAAAAABAAEAAAICTAEAOw==' data-srcset='https:\/\/riverbreeze.eu\/wp-content\/uploads\/2019\/08\/stock-photo-romantic-lunch-on-motor-yacht-at-sunset-table-setting-at-a-luxury-yacht-653622322@2x.jpg 1344w,https:\/\/riverbreeze.eu\/wp-content\/uploads\/2019\/08\/stock-photo-romantic-lunch-on-motor-yacht-at-sunset-table-setting-at-a-luxury-yacht-653622322@2x.jpg 1344w,https:\/\/riverbreeze.eu\/wp-content\/uploads\/2019\/08\/stock-photo-romantic-lunch-on-motor-yacht-at-sunset-table-setting-at-a-luxury-yacht-653622322@2x.jpg 1344w,https:\/\/riverbreeze.eu\/wp-content\/uploads\/2019\/08\/stock-photo-romantic-lunch-on-motor-yacht-at-sunset-table-setting-at-a-luxury-yacht-653622322@2x-768x439.jpg 768w,https:\/\/riverbreeze.eu\/wp-content\/uploads\/2019\/08\/stock-photo-romantic-lunch-on-motor-yacht-at-sunset-table-setting-at-a-luxury-yacht-653622322@2x-320x183.jpg 320w' data-sizes='auto' \/><\/div><\/div>      <\/div>\n\n      <div class=\"combo-column__right w-20 ui column v-center h-center\">\n        <div class=\"button text-animated\" data-link=\"#map\">Atra\u0161an\u0101s vieta kart\u0113<\/div>      <\/div>\n    <\/div>\n  <\/div>\n<\/section>\r\n\r\n<section id=\"media-block-block_5d1ddcfc70bf5\" class=\"media-block alignwide   normal\" >\n    <div class=\"media-block__container w-41 ml-auto\">\n    <div class='media media__image w-41'><div class='media__item '  data-width=\"1312\" data-height=\"768\" data-ratio='1312\/768' ><img class='lazyload media__image' src='data:image\/gif;base64,R0lGODlhAQABAAAAACH5BAEKAAEALAAAAAABAAEAAAICTAEAOw==' data-srcset='https:\/\/riverbreeze.eu\/wp-content\/uploads\/2019\/08\/Overview-IMG-13-1-2560x1499.jpg 2560w,https:\/\/riverbreeze.eu\/wp-content\/uploads\/2019\/08\/Overview-IMG-13-1-1920x1124.jpg 1920w,https:\/\/riverbreeze.eu\/wp-content\/uploads\/2019\/08\/Overview-IMG-13-1-1440x843.jpg 1440w,https:\/\/riverbreeze.eu\/wp-content\/uploads\/2019\/08\/Overview-IMG-13-1-768x450.jpg 768w,https:\/\/riverbreeze.eu\/wp-content\/uploads\/2019\/08\/Overview-IMG-13-1-320x187.jpg 320w' data-sizes='auto' id=\"media-item-media-block-block_5d1ddcfc70bf5\"\/><\/div><\/div>\n      <\/div>\n<\/section>\n\r\n\r\n\n<section id=\"combo-column-block_5d1ddd2f70bf6\" class=\"combo-column alignwide  w-41 mt-5 mb-6 ml-auto\">\n    <div class=\"combo-column__container \">\n    \n    <div class=\"combo-column__content ui row \">\n      <div class=\"combo-column__left w-29 pl-4\">\n        <div class=\"text sub-title text-animated\" >Bag\u0101t\u012bgi apza\u013cumota teritorija<\/div><div class=\"h2 mt-1 text-animated\" >\u013baujiet upes pl\u016bdumam att\u012br\u012bt j\u016bsu pr\u0101tu un dabas tuvumam padar\u012bt j\u016bsu dv\u0113seli gai\u0161\u0101ku! Skatieties pils\u0113tas k\u0146ad\u0101 p\u0101ri Daugavai, no sava dz\u012bvok\u013ca loga, baudot gl\u0101zi lab\u0101k\u0101 v\u012bna vai tasi j\u016bsu iecien\u012bt\u0101k\u0101s t\u0113jas.<\/div>      <\/div>\n\n      <div class=\"combo-column__right \">\n              <\/div>\n    <\/div>\n  <\/div>\n<\/section>","protected":false},"excerpt":{"rendered":"","protected":false},"author":14,"featured_media":0,"parent":0,"menu_order":1,"comment_status":"closed","ping_status":"closed","template":"","meta":[],"yoast_head":"<!-- This site is optimized with the Yoast SEO plugin v19.11 - https:\/\/yoast.com\/wordpress\/plugins\/seo\/ -->\n<title>P\u0101rskats - Riverbreeze<\/title>\n<meta name=\"description\" content=\"Moderna pils ar elpu aizraujo\u0161iem skatiem. J\u016bsu elegant\u0101s m\u0101jas vestibil\u0101, \u0160ie augst\u0101k\u0101s klases dz\u012bvok\u013ci ir veidoti pie\u0161\u0137irot \u012bpa\u0161u uzman\u012bbu deta\u013c\u0101m.\" \/>\n<meta name=\"robots\" content=\"index, follow, max-snippet:-1, max-image-preview:large, max-video-preview:-1\" \/>\n<link rel=\"canonical\" href=\"https:\/\/riverbreeze.eu\/lv\/\" \/>\n<meta property=\"og:locale\" content=\"lv_LV\" \/>\n<meta property=\"og:type\" content=\"article\" \/>\n<meta property=\"og:title\" content=\"P\u0101rskats - Riverbreeze\" \/>\n<meta property=\"og:description\" content=\"Moderna pils ar elpu aizraujo\u0161iem skatiem. J\u016bsu elegant\u0101s m\u0101jas vestibil\u0101, \u0160ie augst\u0101k\u0101s klases dz\u012bvok\u013ci ir veidoti pie\u0161\u0137irot \u012bpa\u0161u uzman\u012bbu deta\u013c\u0101m.\" \/>\n<meta property=\"og:url\" content=\"https:\/\/riverbreeze.eu\/lv\/\" \/>\n<meta property=\"og:site_name\" content=\"Riverbreeze\" \/>\n<meta property=\"article:publisher\" content=\"https:\/\/riverbreeze.eu\/\" \/>\n<meta property=\"article:modified_time\" content=\"2021-01-06T23:51:17+00:00\" \/>\n<meta name=\"twitter:card\" content=\"summary_large_image\" \/>\n<meta name=\"twitter:site\" content=\"@UPilmane\" \/>\n<script type=\"application\/ld+json\" class=\"yoast-schema-graph\">{\"@context\":\"https:\/\/schema.org\",\"@graph\":[{\"@type\":\"WebPage\",\"@id\":\"https:\/\/riverbreeze.eu\/lv\/\",\"url\":\"https:\/\/riverbreeze.eu\/lv\/\",\"name\":\"P\u0101rskats - Riverbreeze\",\"isPartOf\":{\"@id\":\"https:\/\/riverbreeze.eu\/#website\"},\"datePublished\":\"2019-07-03T11:25:48+00:00\",\"dateModified\":\"2021-01-06T23:51:17+00:00\",\"description\":\"Moderna pils ar elpu aizraujo\u0161iem skatiem. J\u016bsu elegant\u0101s m\u0101jas vestibil\u0101, \u0160ie augst\u0101k\u0101s klases dz\u012bvok\u013ci ir veidoti pie\u0161\u0137irot \u012bpa\u0161u uzman\u012bbu deta\u013c\u0101m.\",\"breadcrumb\":{\"@id\":\"https:\/\/riverbreeze.eu\/lv\/#breadcrumb\"},\"inLanguage\":\"lv-LV\",\"potentialAction\":[{\"@type\":\"ReadAction\",\"target\":[\"https:\/\/riverbreeze.eu\/lv\/\"]}]},{\"@type\":\"BreadcrumbList\",\"@id\":\"https:\/\/riverbreeze.eu\/lv\/#breadcrumb\",\"itemListElement\":[{\"@type\":\"ListItem\",\"position\":1,\"name\":\"Home\",\"item\":\"https:\/\/riverbreeze.eu\/lv\/\"},{\"@type\":\"ListItem\",\"position\":2,\"name\":\"P\u0101rskats\"}]},{\"@type\":\"WebSite\",\"@id\":\"https:\/\/riverbreeze.eu\/#website\",\"url\":\"https:\/\/riverbreeze.eu\/\",\"name\":\"Riverbreeze\",\"description\":\"\",\"publisher\":{\"@id\":\"https:\/\/riverbreeze.eu\/#organization\"},\"potentialAction\":[{\"@type\":\"SearchAction\",\"target\":{\"@type\":\"EntryPoint\",\"urlTemplate\":\"https:\/\/riverbreeze.eu\/?s={search_term_string}\"},\"query-input\":\"required name=search_term_string\"}],\"inLanguage\":\"lv-LV\"},{\"@type\":\"Organization\",\"@id\":\"https:\/\/riverbreeze.eu\/#organization\",\"name\":\"River Breeze Residence\",\"url\":\"https:\/\/riverbreeze.eu\/\",\"logo\":{\"@type\":\"ImageObject\",\"inLanguage\":\"lv-LV\",\"@id\":\"https:\/\/riverbreeze.eu\/#\/schema\/logo\/image\/\",\"url\":\"https:\/\/riverbreeze.eu-content\/uploads\/2020\/01\/riverbreeze-logo.png\",\"contentUrl\":\"https:\/\/riverbreeze.eu-content\/uploads\/2020\/01\/riverbreeze-logo.png\",\"width\":700,\"height\":700,\"caption\":\"River Breeze Residence\"},\"image\":{\"@id\":\"https:\/\/riverbreeze.eu\/#\/schema\/logo\/image\/\"},\"sameAs\":[\"https:\/\/www.instagram.com\/kliversalaskvartals\/\",\"https:\/\/www.linkedin.com\/in\/una-pilmane-1b26a517\/\",\"https:\/\/riverbreeze.eu\/\",\"https:\/\/twitter.com\/UPilmane\"]}]}<\/script>\n<!-- \/ Yoast SEO plugin. -->","yoast_head_json":{"title":"P\u0101rskats - Riverbreeze","description":"Moderna pils ar elpu aizraujo\u0161iem skatiem. J\u016bsu elegant\u0101s m\u0101jas vestibil\u0101, \u0160ie augst\u0101k\u0101s klases dz\u012bvok\u013ci ir veidoti pie\u0161\u0137irot \u012bpa\u0161u uzman\u012bbu deta\u013c\u0101m.","robots":{"index":"index","follow":"follow","max-snippet":"max-snippet:-1","max-image-preview":"max-image-preview:large","max-video-preview":"max-video-preview:-1"},"canonical":"https:\/\/riverbreeze.eu\/lv\/","og_locale":"lv_LV","og_type":"article","og_title":"P\u0101rskats - Riverbreeze","og_description":"Moderna pils ar elpu aizraujo\u0161iem skatiem. J\u016bsu elegant\u0101s m\u0101jas vestibil\u0101, \u0160ie augst\u0101k\u0101s klases dz\u012bvok\u013ci ir veidoti pie\u0161\u0137irot \u012bpa\u0161u uzman\u012bbu deta\u013c\u0101m.","og_url":"https:\/\/riverbreeze.eu\/lv\/","og_site_name":"Riverbreeze","article_publisher":"https:\/\/riverbreeze.eu\/","article_modified_time":"2021-01-06T23:51:17+00:00","twitter_card":"summary_large_image","twitter_site":"@UPilmane","schema":{"@context":"https:\/\/schema.org","@graph":[{"@type":"WebPage","@id":"https:\/\/riverbreeze.eu\/lv\/","url":"https:\/\/riverbreeze.eu\/lv\/","name":"P\u0101rskats - Riverbreeze","isPartOf":{"@id":"https:\/\/riverbreeze.eu\/#website"},"datePublished":"2019-07-03T11:25:48+00:00","dateModified":"2021-01-06T23:51:17+00:00","description":"Moderna pils ar elpu aizraujo\u0161iem skatiem. J\u016bsu elegant\u0101s m\u0101jas vestibil\u0101, \u0160ie augst\u0101k\u0101s klases dz\u012bvok\u013ci ir veidoti pie\u0161\u0137irot \u012bpa\u0161u uzman\u012bbu deta\u013c\u0101m.","breadcrumb":{"@id":"https:\/\/riverbreeze.eu\/lv\/#breadcrumb"},"inLanguage":"lv-LV","potentialAction":[{"@type":"ReadAction","target":["https:\/\/riverbreeze.eu\/lv\/"]}]},{"@type":"BreadcrumbList","@id":"https:\/\/riverbreeze.eu\/lv\/#breadcrumb","itemListElement":[{"@type":"ListItem","position":1,"name":"Home","item":"https:\/\/riverbreeze.eu\/lv\/"},{"@type":"ListItem","position":2,"name":"P\u0101rskats"}]},{"@type":"WebSite","@id":"https:\/\/riverbreeze.eu\/#website","url":"https:\/\/riverbreeze.eu\/","name":"Riverbreeze","description":"","publisher":{"@id":"https:\/\/riverbreeze.eu\/#organization"},"potentialAction":[{"@type":"SearchAction","target":{"@type":"EntryPoint","urlTemplate":"https:\/\/riverbreeze.eu\/?s={search_term_string}"},"query-input":"required name=search_term_string"}],"inLanguage":"lv-LV"},{"@type":"Organization","@id":"https:\/\/riverbreeze.eu\/#organization","name":"River Breeze Residence","url":"https:\/\/riverbreeze.eu\/","logo":{"@type":"ImageObject","inLanguage":"lv-LV","@id":"https:\/\/riverbreeze.eu\/#\/schema\/logo\/image\/","url":"https:\/\/riverbreeze.eu-content\/uploads\/2020\/01\/riverbreeze-logo.png","contentUrl":"https:\/\/riverbreeze.eu-content\/uploads\/2020\/01\/riverbreeze-logo.png","width":700,"height":700,"caption":"River Breeze Residence"},"image":{"@id":"https:\/\/riverbreeze.eu\/#\/schema\/logo\/image\/"},"sameAs":["https:\/\/www.instagram.com\/kliversalaskvartals\/","https:\/\/www.linkedin.com\/in\/una-pilmane-1b26a517\/","https:\/\/riverbreeze.eu\/","https:\/\/twitter.com\/UPilmane"]}]}},"acf":[],"_links":{"self":[{"href":"https:\/\/riverbreeze.eu\/lv\/wp-json\/wp\/v2\/pages\/182"}],"collection":[{"href":"https:\/\/riverbreeze.eu\/lv\/wp-json\/wp\/v2\/pages"}],"about":[{"href":"https:\/\/riverbreeze.eu\/lv\/wp-json\/wp\/v2\/types\/page"}],"author":[{"embeddable":true,"href":"https:\/\/riverbreeze.eu\/lv\/wp-json\/wp\/v2\/users\/14"}],"replies":[{"embeddable":true,"href":"https:\/\/riverbreeze.eu\/lv\/wp-json\/wp\/v2\/comments?post=182"}],"version-history":[{"count":29,"href":"https:\/\/riverbreeze.eu\/lv\/wp-json\/wp\/v2\/pages\/182\/revisions"}],"predecessor-version":[{"id":1907,"href":"https:\/\/riverbreeze.eu\/lv\/wp-json\/wp\/v2\/pages\/182\/revisions\/1907"}],"wp:attachment":[{"href":"https:\/\/riverbreeze.eu\/lv\/wp-json\/wp\/v2\/media?parent=182"}],"curies":[{"name":"wp","href":"https:\/\/api.w.org\/{rel}","templated":true}]}}