{"id":920,"date":"2019-06-21T14:25:11","date_gmt":"2019-06-21T14:25:11","guid":{"rendered":"http:\/\/demo.novitec.io\/riverbreeze\/privacy-policy\/"},"modified":"2019-08-12T10:58:31","modified_gmt":"2019-08-12T10:58:31","slug":"privacy-policy","status":"publish","type":"page","link":"https:\/\/riverbreeze.eu\/lv\/privacy-policy\/","title":{"rendered":"Priv\u0101tuma politika"},"content":{"rendered":"\n<h2 class=\"h2 mb-1 mt-1 w-33 mh-auto\">Priv\u0101tuma politika<\/h2>\n\n\n\n<p class=\"text w-33 mh-auto\">St\u0101jas sp\u0113k\u0101: 04.07.2018<\/p>\n\n\n\n<p class=\"text mt-1 w-33 mh-auto\">AS Pro Kapital Grupp ( &#8220;m\u0113s&#8221; vai &#8220;PKG&#8221;) veic <a href=\"http:\/\/riverbreeze.eu\/\">http:\/\/riverbreeze.eu<\/a> m\u0101jas lapas uztur\u0113\u0161anu (&#8220;Pakalpojums&#8221;).<\/p>\n\n\n\n<p class=\"text nudge-top w-33 mh-auto\">Ar \u0161o inform\u0113jam par m\u016bsu politiku attiec\u012bb\u0101 uz personas datu v\u0101k\u0161anu, izmanto\u0161anu un izpau\u0161anu, kad izmantojat m\u016bsu pakalpojumu un izv\u0113li, kuru esat saist\u012bjis ar \u0161iem datiem. \u0160o AS Pro Kapital Grupp konfidencialit\u0101tes politiku nodro\u0161ina <a href=\"http:\/\/freeprivacypolicy.com\">FreePrivacyPolicy.com<\/a>.<\/p>\n\n\n\n<p class=\"text nudge-top w-33 mh-auto\">M\u0113s izmantojam j\u016bsu datus, lai sniegtu un uzlabotu m\u016bsu  pakalpojumus. Izmantojot pakalpojumus, j\u016bs piekr\u012btat inform\u0101cijas v\u0101k\u0161anai un izmanto\u0161anai saska\u0146\u0101 ar \u0161o politiku. Ja \u0161aj\u0101 konfidencialit\u0101tes politik\u0101 nav noteikts cit\u0101di, \u0161aj\u0101 konfidencialit\u0101tes politik\u0101 lietotajiem terminiem ir t\u0101das pa\u0161as noz\u012bmes k\u0101 m\u016bsu Noteikumos un noteikumos, kas pieejami no <a href=\"http:\/\/riverbreeze.eu\/\">http:\/\/riverbreeze.eu<\/a>.<\/p>\n\n\n\n<h2 class=\"h2 mb-1 mt-2 w-33 mh-auto\">Inform\u0101cijas v\u0101k\u0161ana un izmanto\u0161ana<\/h2>\n\n\n\n<p class=\"text w-33 mh-auto\">M\u0113s apkopojam vair\u0101kus da\u017e\u0101dus inform\u0101cijas veidus da\u017e\u0101diem m\u0113r\u0137iem, lai nodro\u0161in\u0101tu un uzlabotu m\u016bsu pakalpojumu.<\/p>\n\n\n\n<h2 class=\"h2 mb-1 mt-2 w-33 mh-auto\">Sav\u0101kto datu veidi<\/h2>\n\n\n\n<h3 class=\"h3 mb-1 w-33 mh-auto\">Personas dati<\/h3>\n\n\n\n<p class=\"text w-33 mh-auto\">Izmantojot m\u016bsu Pakalpojumu, m\u0113s varam l\u016bgt j\u016bs sniegt mums noteiktu personiski identific\u0113jamu inform\u0101ciju, ko var izmantot, lai sazin\u0101tos ar jums vai identific\u0113tu j\u016bs (&#8220;Personas dati&#8221;). Personiski identific\u0113jama inform\u0101cija var ietvert, bet ne tikai:<\/p>\n\n\n\n<ul class=\"text mt-1 w-33 mh-auto\"><li>&#8211; J\u016bsu e-pasta adrese<\/li><li>&#8211; J\u016bsu v\u0101rds un uzv\u0101rds<\/li><li>&#8211; J\u016bsu telefona numurs<\/li><li>&#8211; Adrese, valsts, novads, pasta indekss, pils\u0113ta<\/li><li>&#8211; S\u012bkfaili un lieto\u0161anas dati<\/li><\/ul>\n\n\n\n<h3 class=\"h3 mb-1 mt-1 w-33 mh-auto\">Lieto\u0161anas dati<\/h3>\n\n\n\n<p class=\"text w-33 mh-auto\">M\u0113s varam ar\u012b apkopot inform\u0101ciju par to, k\u0101 tiek piek\u013c\u016bts pakalpojumam un k\u0101 tas tiek izmantots (&#8220;Lietojuma dati&#8221;). \u0160\u012b lieto\u0161anas inform\u0101cija var ietvert inform\u0101ciju, piem\u0113ram, j\u016bsu datora IP adresi, p\u0101rl\u016bkprogrammas tipu, p\u0101rl\u016bkprogrammas versiju, m\u016bsu apmekl\u0113to pakalpojumu lapas, apmekl\u0113juma laiku un datumu, laiku, kas pavad\u012bts \u0161aj\u0101s lap\u0101s, unik\u0101lu ier\u012bces identifikatoru un citus diagnostikas datus<\/p>\n\n\n\n<h3 class=\"h3 mb-1 mt-1 w-33 mh-auto\">Izseko\u0161ana un s\u012bkdat\u0146u inform\u0101cija<\/h3>\n\n\n\n<p class=\"text w-33 mh-auto\">M\u0113s izmantojam s\u012bkdatnes un l\u012bdz\u012bgas izseko\u0161anas tehnolo\u0123ijas, lai izsekotu m\u016bsu pakalpojuma darb\u012bbu un saglab\u0101tu noteiktu inform\u0101ciju.<\/p>\n\n\n\n<p class=\"text nudge-top w-33 mh-auto\">S\u012bkdatnes ir faili ar nelielu datu apjomu, kas var ietvert anon\u012bmu unik\u0101lu identifikatoru. S\u012bkfaili tiek nos\u016bt\u012bti uz j\u016bsu p\u0101rl\u016bkprogrammu no t\u012bmek\u013ca vietnes un saglab\u0101ti j\u016bsu ier\u012bc\u0113. Ar\u012b izmantot\u0101s izseko\u0161anas tehnolo\u0123ijas ir b\u0101kas, tagi un skripti, lai apkopotu un izsekotu inform\u0101ciju un uzlabotu un analiz\u0113tu m\u016bsu pakalpojumu.<\/p>\n\n\n\n<p class=\"text nudge-top w-33 mh-auto\">J\u016bs varat uzdot p\u0101rl\u016bkprogrammai noraid\u012bt visus s\u012bkfailus vai nor\u0101d\u012bt, kad tiek nos\u016bt\u012bts s\u012bkfails. Tom\u0113r, ja j\u016bs nepie\u0146emat s\u012bkfailus, iesp\u0113jams, nevar\u0113sit izmantot da\u017eas m\u016bsu Pakalpojuma da\u013cas.<\/p>\n\n\n\n<p class=\"text nudge-top w-33 mh-auto\">Izmantojamo s\u012bkfailu piem\u0113ri<\/p>\n\n\n\n<ul class=\"text mt-1 w-33 mh-auto\"><li>&#8211; <strong>Sesijas s\u012bkfaili.<\/strong> M\u0113s izmantojam sesijas s\u012bkfailus, lai nodro\u0161in\u0101tu m\u016bsu pakalpojuma darb\u012bbu.<\/li><li>&#8211; <strong>Preferences s\u012bkfaili.<\/strong> M\u0113s izmantojam preferen\u010du s\u012bkfailus, lai atcer\u0113tos j\u016bsu preferences un da\u017e\u0101dus iestat\u012bjumus.<\/li><li>&#8211; <strong>Dro\u0161\u012bbas s\u012bkfaili.<\/strong> Dro\u0161\u012bbas nol\u016bkos m\u0113s izmantojam dro\u0161\u012bbas s\u012bkdatnes.<\/li><\/ul>\n\n\n\n<h2 class=\"h2 mb-1 mt-2 w-33 mh-auto\">Datu izmanto\u0161ana<\/h2>\n\n\n\n<p class=\"text mb-1 w-33 mh-auto\">AS Pro Kapital Grupp izmanto sav\u0101ktos datus da\u017e\u0101diem m\u0113r\u0137iem:<\/p>\n\n\n\n<ul class=\"text w-33 mh-auto\"><li>&#8211; Pakalpojuma snieg\u0161anai un uztur\u0113\u0161anai<\/li><li>&#8211; Lai inform\u0113tu par izmai\u0146\u0101m Pakalpojum\u0101<\/li><li>&#8211; Lai \u013cautu jums piedal\u012bties m\u016bsu pakalpojuma interakt\u012bvaj\u0101s funkcij\u0101s, kad izv\u0113laties to dar\u012bt<\/li><li>&#8211; Lai nodro\u0161in\u0101t klientu apr\u016bpi un atbalstu<\/li><li>&#8211; Lai sniegtu anal\u012bzi vai v\u0113rt\u012bgu inform\u0101ciju, lai m\u0113s var\u0113tu uzlabot Pakalpojumu<\/li><li>&#8211; Lai uzraudz\u012btu pakalpojuma izmanto\u0161anu<\/li><li>&#8211; Lai atkl\u0101tu, nov\u0113rstu un risin\u0101tu tehniskos jaut\u0101jumus<\/li><\/ul>\n\n\n\n<h2 class=\"h2 mb-1 mt-2 w-33 mh-auto\">Datu p\u0101rs\u016bt\u012b\u0161ana<\/h2>\n\n\n\n<p class=\"text w-33 mh-auto\">J\u016bsu inform\u0101ciju, tostarp personas datus, var p\u0101rs\u016bt\u012bt un uztur\u0113t datoros, kas atrodas \u0101rpus j\u016bsu valsts, provinces, valsts vai citas valsts jurisdikcijas, ja datu aizsardz\u012bbas likumi var at\u0161\u0137irties no j\u016bsu jurisdikcij\u0101 eso\u0161ajiem ties\u012bbu aktiem.<\/p>\n\n\n\n<p class=\"text nudge-top w-33 mh-auto\">Ja atrodaties \u0101rpus Igaunijas un izv\u0113laties sniegt mums inform\u0101ciju, l\u016bdzu, \u0146emiet v\u0113r\u0101, ka m\u0113s p\u0101rs\u016bt\u0101m datus, ieskaitot personas datus, k\u0101 ar\u012b datu apstr\u0101de notiek Igaunij\u0101<\/p>\n\n\n\n<p class=\"text nudge-top w-33 mh-auto\">J\u016bsu piekri\u0161ana \u0161ai konfidencialit\u0101tes politikai, kam seko \u0161\u0101da inform\u0101cijas iesnieg\u0161ana, ir j\u016bsu piekri\u0161ana j\u016bsu datu p\u0101rs\u016bt\u012b\u0161anai.<\/p>\n\n\n\n<p class=\"text nudge-top w-33 mh-auto\">AS Pro Kapital Grupp veiks visus nepiecie\u0161amos pas\u0101kumus, lai nodro\u0161in\u0101tu, ka j\u016bsu dati tiek apstr\u0101d\u0101ti dro\u0161i un saska\u0146\u0101 ar \u0161o Konfidencialit\u0101tes politiku, un personas dati netiks nodoti organiz\u0101cijai vai valstij, ja vien netiek veiktas atbilsto\u0161as \u200b\u200bkontroles, ieskaitot J\u016bsu datu un citas personisk\u0101s inform\u0101cijas dro\u0161\u012bbu.<\/p>\n\n\n\n<h2 class=\"h2 mb-1 mt-2 w-33 mh-auto\">Datu atkl\u0101\u0161ana<\/h2>\n\n\n\n<h3 class=\"h3 mb-1 w-33 mh-auto\">Likuma pras\u012bbas<\/h3>\n\n\n\n<p class=\"text mb-1 w-33 mh-auto\">AS Pro Kapital Grupp var izpaust J\u016bsu personiskos datus lab\u0101 tic\u012bb\u0101, ka \u0161\u0101da r\u012bc\u012bba ir nepiecie\u0161ama, lai:<\/p>\n\n\n\n<ul class=\"text w-33 mh-auto\"><li>&#8211; Iev\u0113rotu likuma normas<\/li><li>&#8211; Aizsarg\u0101tu un aizst\u0101v\u0113tu AS Pro Kapital Grupp ties\u012bbas vai \u012bpa\u0161umu<\/li><li>&#8211; Nov\u0113rst vai izmekl\u0113t iesp\u0113jamos p\u0101rk\u0101pumus saist\u012bb\u0101 ar Pakalpojumu<\/li><li>&#8211; Lai aizsarg\u0101tu Pakalpojuma lietot\u0101ju vai sabiedr\u012bbas personisko dro\u0161\u012bbu<\/li><li>&#8211; Lai aizsarg\u0101tu pret juridisko atbild\u012bbu<\/li><\/ul>\n\n\n\n<h2 class=\"h2 mb-1 mt-2 w-33 mh-auto\">Datu dro\u0161\u012bba<\/h2>\n\n\n\n<p class=\"text w-33 mh-auto\">J\u016bsu datu dro\u0161\u012bba mums ir svar\u012bga, bet neaizmirstiet, ka 100% dro\u0161a nav metode, k\u0101 p\u0101rraid\u012bt internetu vai elektronisk\u0101s glab\u0101\u0161anas metodi. Lai gan m\u0113s cen\u0161amies izmantot komerci\u0101li pie\u0146emamus l\u012bdzek\u013cus, lai aizsarg\u0101tu j\u016bsu personas datus, m\u0113s nevaram garant\u0113t t\u0101 absol\u016btu dro\u0161\u012bbu.<\/p>\n\n\n\n<h2 class=\"h2 mb-1 mt-2 w-33 mh-auto\">Servisa nodro\u0161in\u0101t\u0101js<\/h2>\n\n\n\n<p class=\"text w-33 mh-auto\">M\u0113s varam izmantot tre\u0161o pu\u0161u uz\u0146\u0113mumus un priv\u0101tpersonas, lai atvieglotu m\u016bsu Pakalpojumu (&#8220;Pakalpojumu sniedz\u0113jus&#8221;), sniegtu Pakalpojumu m\u016bsu v\u0101rd\u0101, lai sniegtu ar pakalpojumiem saist\u012btus pakalpojumus vai pal\u012bdz\u0113tu mums analiz\u0113t, k\u0101 tiek izmantots m\u016bsu pakalpojums.<\/p>\n\n\n\n<p class=\"text nudge-top w-33 mh-auto\">\u0160\u012bs tre\u0161\u0101s personas var piek\u013c\u016bt j\u016bsu personas datiem tikai, lai veiktu \u0161os uzdevumus m\u016bsu v\u0101rd\u0101, un mums ir pien\u0101kums to neizpaust vai izmantot citiem m\u0113r\u0137iem.<\/p>\n\n\n\n<h2 class=\"h2 mb-1 mt-2 w-33 mh-auto\">Saites uz m\u016bsu m\u0101jas lap\u0101m<\/h2>\n\n\n\n<p class=\"text w-33 mh-auto\">M\u016bsu pakalpojums var satur\u0113t saites uz cit\u0101m vietn\u0113m, kuras m\u0113s neizmantojam. Ja noklik\u0161\u0137in\u0101siet uz tre\u0161\u0101s puses saites, j\u016bs tiksit novirz\u012bts uz \u0161\u012bs tre\u0161\u0101s puses vietni. M\u0113s stingri iesak\u0101m p\u0101rskat\u012bt katras apmekl\u0113jam\u0101s vietnes konfidencialit\u0101tes politiku.<\/p>\n\n\n\n<p class=\"text nudge-top w-33 mh-auto\">M\u0113s nekontrol\u0113jam un neuz\u0146emamies nek\u0101du atbild\u012bbu par tre\u0161o personu viet\u0146u vai pakalpojumu saturu, konfidencialit\u0101tes politiku vai praksi.<\/p>\n\n\n\n<h2 class=\"h2 mb-1 mt-2 w-33 mh-auto\">B\u0113rnu priv\u0101tums<\/h2>\n\n\n\n<p class=\"text w-33 mh-auto\">M\u016bsu Pakalpojums netiek pied\u0101v\u0101ts person\u0101m, kas jaun\u0101kas par 18 gadiem (&#8220;B\u0113rni&#8221;).<\/p>\n\n\n\n<p class=\"text nudge-top w-33 mh-auto\">M\u0113s apzin\u0101ti nesa\u0146emam personiski identific\u0113jamu inform\u0101ciju no person\u0101m, kas jaun\u0101kas par 18 gadiem. Ja esat vec\u0101ks vai aizbildnis, un j\u016bs zin\u0101t, ka j\u016bsu b\u0113rni mums ir sniegu\u0161i personas datus, l\u016bdzu, sazinieties ar mums. Ja m\u0113s uzzin\u0101sim, ka m\u0113s esam sav\u0101ku\u0161i personas datus no b\u0113rniem bez vec\u0101ku piekri\u0161anas p\u0101rbaudes, m\u0113s nekav\u0113joties veiksim pas\u0101kumus, lai no\u0146emtu \u0161o inform\u0101ciju no m\u016bsu serveriem.<\/p>\n\n\n\n<h2 class=\"h2 mb-1 mt-2 w-33 mh-auto\">Izmai\u0146as eso\u0161aj\u0101 priv\u0101tuma politik\u0101<\/h2>\n\n\n\n<p class=\"text w-33 mh-auto\">M\u0113s laiku pa laikam varam atjaunin\u0101t m\u016bsu konfidencialit\u0101tes politiku. M\u0113s inform\u0113sim j\u016bs par vis\u0101m izmai\u0146\u0101m, public\u0113jot jauno konfidencialit\u0101tes politiku \u0161aj\u0101 lap\u0101.<\/p>\n\n\n\n<p class=\"text nudge-top w-33 mh-auto\">M\u0113s inform\u0113sim j\u016bs, izmantojot e-pastu un \/ vai rakstisku pazi\u0146ojumu par m\u016bsu Pakalpojumiem, pirms izmai\u0146u st\u0101\u0161an\u0101s sp\u0113k\u0101 un atjauninot &#8220;sp\u0113k\u0101 st\u0101\u0161an\u0101s datumu&#8221; \u0161\u012bs konfidencialit\u0101tes politikas aug\u0161pus\u0113.<\/p>\n\n\n\n<p class=\"text nudge-top w-33 mh-auto\">Jums ir ieteicams periodiski p\u0101rskat\u012bt \u0161o konfidencialit\u0101tes politiku, lai veiktu izmai\u0146as. \u0160\u012bs konfidencialit\u0101tes politikas izmai\u0146as st\u0101jas sp\u0113k\u0101, kad t\u0101s tiek public\u0113tas \u0161aj\u0101 lap\u0101.<\/p>\n\n\n\n<h2 class=\"h2 mb-1 mt-2 w-33 mh-auto\">Kontaktinform\u0101cija<\/h2>\n\n\n\n<p class=\"text w-33 mh-auto\">Ja jums ir k\u0101di jaut\u0101jumi par \u0161o konfidencialit\u0101tes politiku, l\u016bdzu, sazinieties ar mums:<\/p>\n\n\n\n<ul class=\"text nudge-top w-33 mh-auto\"><li><a href=\"mailto:prokapital@prokapital.com\" target=\"_blank\" rel=\"noreferrer noopener\">prokapital@prokapital.com<\/a><\/li><\/ul>\n\n\n\n<p><\/p>\n","protected":false},"excerpt":{"rendered":"<p>Priv\u0101tuma politika St\u0101jas sp\u0113k\u0101: 04.07.2018 AS Pro Kapital Grupp ( &#8220;m\u0113s&#8221; vai &#8220;PKG&#8221;) veic http:\/\/riverbreeze.eu m\u0101jas lapas uztur\u0113\u0161anu (&#8220;Pakalpojums&#8221;). Ar \u0161o inform\u0113jam par m\u016bsu politiku attiec\u012bb\u0101 uz personas datu v\u0101k\u0161anu, izmanto\u0161anu un izpau\u0161anu, kad izmantojat m\u016bsu pakalpojumu un izv\u0113li, kuru esat saist\u012bjis ar \u0161iem datiem. \u0160o AS Pro Kapital Grupp konfidencialit\u0101tes politiku nodro\u0161ina FreePrivacyPolicy.com. M\u0113s [&hellip;]<\/p>\n","protected":false},"author":14,"featured_media":0,"parent":0,"menu_order":0,"comment_status":"closed","ping_status":"closed","template":"","meta":[],"yoast_head":"<!-- This site is optimized with the Yoast SEO plugin v19.11 - https:\/\/yoast.com\/wordpress\/plugins\/seo\/ -->\n<title>Priv\u0101tuma politika - Riverbreeze<\/title>\n<meta name=\"robots\" content=\"index, follow, max-snippet:-1, max-image-preview:large, max-video-preview:-1\" \/>\n<link rel=\"canonical\" href=\"https:\/\/riverbreeze.eu\/lv\/privacy-policy\/\" \/>\n<meta property=\"og:locale\" content=\"lv_LV\" \/>\n<meta property=\"og:type\" content=\"article\" \/>\n<meta property=\"og:title\" content=\"Priv\u0101tuma politika - Riverbreeze\" \/>\n<meta property=\"og:description\" content=\"Priv\u0101tuma politika St\u0101jas sp\u0113k\u0101: 04.07.2018 AS Pro Kapital Grupp ( &#8220;m\u0113s&#8221; vai &#8220;PKG&#8221;) veic http:\/\/riverbreeze.eu m\u0101jas lapas uztur\u0113\u0161anu (&#8220;Pakalpojums&#8221;). Ar \u0161o inform\u0113jam par m\u016bsu politiku attiec\u012bb\u0101 uz personas datu v\u0101k\u0161anu, izmanto\u0161anu un izpau\u0161anu, kad izmantojat m\u016bsu pakalpojumu un izv\u0113li, kuru esat saist\u012bjis ar \u0161iem datiem. \u0160o AS Pro Kapital Grupp konfidencialit\u0101tes politiku nodro\u0161ina FreePrivacyPolicy.com. M\u0113s [&hellip;]\" \/>\n<meta property=\"og:url\" content=\"https:\/\/riverbreeze.eu\/lv\/privacy-policy\/\" \/>\n<meta property=\"og:site_name\" content=\"Riverbreeze\" \/>\n<meta property=\"article:publisher\" content=\"https:\/\/riverbreeze.eu\/\" \/>\n<meta property=\"article:modified_time\" content=\"2019-08-12T10:58:31+00:00\" \/>\n<meta name=\"twitter:card\" content=\"summary_large_image\" \/>\n<meta name=\"twitter:site\" content=\"@UPilmane\" \/>\n<meta name=\"twitter:label1\" content=\"Est. reading time\" \/>\n\t<meta name=\"twitter:data1\" content=\"7 minutes\" \/>\n<script type=\"application\/ld+json\" class=\"yoast-schema-graph\">{\"@context\":\"https:\/\/schema.org\",\"@graph\":[{\"@type\":\"WebPage\",\"@id\":\"https:\/\/riverbreeze.eu\/lv\/privacy-policy\/\",\"url\":\"https:\/\/riverbreeze.eu\/lv\/privacy-policy\/\",\"name\":\"Priv\u0101tuma politika - Riverbreeze\",\"isPartOf\":{\"@id\":\"https:\/\/riverbreeze.eu\/#website\"},\"datePublished\":\"2019-06-21T14:25:11+00:00\",\"dateModified\":\"2019-08-12T10:58:31+00:00\",\"breadcrumb\":{\"@id\":\"https:\/\/riverbreeze.eu\/lv\/privacy-policy\/#breadcrumb\"},\"inLanguage\":\"lv-LV\",\"potentialAction\":[{\"@type\":\"ReadAction\",\"target\":[\"https:\/\/riverbreeze.eu\/lv\/privacy-policy\/\"]}]},{\"@type\":\"BreadcrumbList\",\"@id\":\"https:\/\/riverbreeze.eu\/lv\/privacy-policy\/#breadcrumb\",\"itemListElement\":[{\"@type\":\"ListItem\",\"position\":1,\"name\":\"Home\",\"item\":\"https:\/\/riverbreeze.eu\/lv\/\"},{\"@type\":\"ListItem\",\"position\":2,\"name\":\"Priv\u0101tuma politika\"}]},{\"@type\":\"WebSite\",\"@id\":\"https:\/\/riverbreeze.eu\/#website\",\"url\":\"https:\/\/riverbreeze.eu\/\",\"name\":\"Riverbreeze\",\"description\":\"\",\"publisher\":{\"@id\":\"https:\/\/riverbreeze.eu\/#organization\"},\"potentialAction\":[{\"@type\":\"SearchAction\",\"target\":{\"@type\":\"EntryPoint\",\"urlTemplate\":\"https:\/\/riverbreeze.eu\/?s={search_term_string}\"},\"query-input\":\"required name=search_term_string\"}],\"inLanguage\":\"lv-LV\"},{\"@type\":\"Organization\",\"@id\":\"https:\/\/riverbreeze.eu\/#organization\",\"name\":\"River Breeze Residence\",\"url\":\"https:\/\/riverbreeze.eu\/\",\"logo\":{\"@type\":\"ImageObject\",\"inLanguage\":\"lv-LV\",\"@id\":\"https:\/\/riverbreeze.eu\/#\/schema\/logo\/image\/\",\"url\":\"https:\/\/riverbreeze.eu-content\/uploads\/2020\/01\/riverbreeze-logo.png\",\"contentUrl\":\"https:\/\/riverbreeze.eu-content\/uploads\/2020\/01\/riverbreeze-logo.png\",\"width\":700,\"height\":700,\"caption\":\"River Breeze Residence\"},\"image\":{\"@id\":\"https:\/\/riverbreeze.eu\/#\/schema\/logo\/image\/\"},\"sameAs\":[\"https:\/\/www.instagram.com\/kliversalaskvartals\/\",\"https:\/\/www.linkedin.com\/in\/una-pilmane-1b26a517\/\",\"https:\/\/riverbreeze.eu\/\",\"https:\/\/twitter.com\/UPilmane\"]}]}<\/script>\n<!-- \/ Yoast SEO plugin. -->","yoast_head_json":{"title":"Priv\u0101tuma politika - Riverbreeze","robots":{"index":"index","follow":"follow","max-snippet":"max-snippet:-1","max-image-preview":"max-image-preview:large","max-video-preview":"max-video-preview:-1"},"canonical":"https:\/\/riverbreeze.eu\/lv\/privacy-policy\/","og_locale":"lv_LV","og_type":"article","og_title":"Priv\u0101tuma politika - Riverbreeze","og_description":"Priv\u0101tuma politika St\u0101jas sp\u0113k\u0101: 04.07.2018 AS Pro Kapital Grupp ( &#8220;m\u0113s&#8221; vai &#8220;PKG&#8221;) veic http:\/\/riverbreeze.eu m\u0101jas lapas uztur\u0113\u0161anu (&#8220;Pakalpojums&#8221;). Ar \u0161o inform\u0113jam par m\u016bsu politiku attiec\u012bb\u0101 uz personas datu v\u0101k\u0161anu, izmanto\u0161anu un izpau\u0161anu, kad izmantojat m\u016bsu pakalpojumu un izv\u0113li, kuru esat saist\u012bjis ar \u0161iem datiem. \u0160o AS Pro Kapital Grupp konfidencialit\u0101tes politiku nodro\u0161ina FreePrivacyPolicy.com. M\u0113s [&hellip;]","og_url":"https:\/\/riverbreeze.eu\/lv\/privacy-policy\/","og_site_name":"Riverbreeze","article_publisher":"https:\/\/riverbreeze.eu\/","article_modified_time":"2019-08-12T10:58:31+00:00","twitter_card":"summary_large_image","twitter_site":"@UPilmane","twitter_misc":{"Est. reading time":"7 minutes"},"schema":{"@context":"https:\/\/schema.org","@graph":[{"@type":"WebPage","@id":"https:\/\/riverbreeze.eu\/lv\/privacy-policy\/","url":"https:\/\/riverbreeze.eu\/lv\/privacy-policy\/","name":"Priv\u0101tuma politika - Riverbreeze","isPartOf":{"@id":"https:\/\/riverbreeze.eu\/#website"},"datePublished":"2019-06-21T14:25:11+00:00","dateModified":"2019-08-12T10:58:31+00:00","breadcrumb":{"@id":"https:\/\/riverbreeze.eu\/lv\/privacy-policy\/#breadcrumb"},"inLanguage":"lv-LV","potentialAction":[{"@type":"ReadAction","target":["https:\/\/riverbreeze.eu\/lv\/privacy-policy\/"]}]},{"@type":"BreadcrumbList","@id":"https:\/\/riverbreeze.eu\/lv\/privacy-policy\/#breadcrumb","itemListElement":[{"@type":"ListItem","position":1,"name":"Home","item":"https:\/\/riverbreeze.eu\/lv\/"},{"@type":"ListItem","position":2,"name":"Priv\u0101tuma politika"}]},{"@type":"WebSite","@id":"https:\/\/riverbreeze.eu\/#website","url":"https:\/\/riverbreeze.eu\/","name":"Riverbreeze","description":"","publisher":{"@id":"https:\/\/riverbreeze.eu\/#organization"},"potentialAction":[{"@type":"SearchAction","target":{"@type":"EntryPoint","urlTemplate":"https:\/\/riverbreeze.eu\/?s={search_term_string}"},"query-input":"required name=search_term_string"}],"inLanguage":"lv-LV"},{"@type":"Organization","@id":"https:\/\/riverbreeze.eu\/#organization","name":"River Breeze Residence","url":"https:\/\/riverbreeze.eu\/","logo":{"@type":"ImageObject","inLanguage":"lv-LV","@id":"https:\/\/riverbreeze.eu\/#\/schema\/logo\/image\/","url":"https:\/\/riverbreeze.eu-content\/uploads\/2020\/01\/riverbreeze-logo.png","contentUrl":"https:\/\/riverbreeze.eu-content\/uploads\/2020\/01\/riverbreeze-logo.png","width":700,"height":700,"caption":"River Breeze Residence"},"image":{"@id":"https:\/\/riverbreeze.eu\/#\/schema\/logo\/image\/"},"sameAs":["https:\/\/www.instagram.com\/kliversalaskvartals\/","https:\/\/www.linkedin.com\/in\/una-pilmane-1b26a517\/","https:\/\/riverbreeze.eu\/","https:\/\/twitter.com\/UPilmane"]}]}},"acf":[],"_links":{"self":[{"href":"https:\/\/riverbreeze.eu\/lv\/wp-json\/wp\/v2\/pages\/920"}],"collection":[{"href":"https:\/\/riverbreeze.eu\/lv\/wp-json\/wp\/v2\/pages"}],"about":[{"href":"https:\/\/riverbreeze.eu\/lv\/wp-json\/wp\/v2\/types\/page"}],"author":[{"embeddable":true,"href":"https:\/\/riverbreeze.eu\/lv\/wp-json\/wp\/v2\/users\/14"}],"replies":[{"embeddable":true,"href":"https:\/\/riverbreeze.eu\/lv\/wp-json\/wp\/v2\/comments?post=920"}],"version-history":[{"count":6,"href":"https:\/\/riverbreeze.eu\/lv\/wp-json\/wp\/v2\/pages\/920\/revisions"}],"predecessor-version":[{"id":1737,"href":"https:\/\/riverbreeze.eu\/lv\/wp-json\/wp\/v2\/pages\/920\/revisions\/1737"}],"wp:attachment":[{"href":"https:\/\/riverbreeze.eu\/lv\/wp-json\/wp\/v2\/media?parent=920"}],"curies":[{"name":"wp","href":"https:\/\/api.w.org\/{rel}","templated":true}]}}