{"id":941,"date":"2019-07-04T09:22:31","date_gmt":"2019-07-04T09:22:31","guid":{"rendered":"http:\/\/demo.novitec.io\/riverbreeze\/contact\/"},"modified":"2021-11-11T14:39:02","modified_gmt":"2021-11-11T14:39:02","slug":"developer","status":"publish","type":"page","link":"https:\/\/riverbreeze.eu\/lv\/developer\/","title":{"rendered":"Att\u012bst\u012bt\u0101js"},"content":{"rendered":"<section id=\"media-block-block_5d47fdabe808c\" class=\"media-block alignwide w-41 ml-auto mb-1 bt-1  normal\" >\n    <div class=\"media-block__container \">\n    <div class='media media__image w-41'><div class='media__item '  data-width=\"1312\" data-height=\"768\" data-ratio='1312\/768' ><img class='lazyload media__image' src='data:image\/gif;base64,R0lGODlhAQABAAAAACH5BAEKAAEALAAAAAABAAEAAAICTAEAOw==' data-srcset='https:\/\/riverbreeze.eu\/wp-content\/uploads\/2019\/08\/Monteeritud_SLR_11@2x-2560x1499.jpg 2560w,https:\/\/riverbreeze.eu\/wp-content\/uploads\/2019\/08\/Monteeritud_SLR_11@2x-1920x1124.jpg 1920w,https:\/\/riverbreeze.eu\/wp-content\/uploads\/2019\/08\/Monteeritud_SLR_11@2x-1440x843.jpg 1440w,https:\/\/riverbreeze.eu\/wp-content\/uploads\/2019\/08\/Monteeritud_SLR_11@2x-768x450.jpg 768w,https:\/\/riverbreeze.eu\/wp-content\/uploads\/2019\/08\/Monteeritud_SLR_11@2x-320x187.jpg 320w' data-sizes='auto' id=\"media-item-media-block-block_5d47fdabe808c\"\/><div class='subtitle overlay'><p><span class=\"sub-title\">Kontaktinform\u0101cija<\/span><\/p>\n<h2>Att\u012bst\u012bt\u0101js<\/h2>\n<\/div><\/div><\/div>\n      <\/div>\n<\/section>\n\r\n\r\n\n<section id=\"combo-column-block_5d47feade808d\" class=\"combo-column alignwide  w-41 ml-auto mb-4 mt-4 ui row h-end\">\n    <div class=\"combo-column__container \">\n    \n    <div class=\"combo-column__content ui row \">\n      <div class=\"combo-column__left w-12 mr-5\">\n        <div class=\"text mb-1 sub-title\" >Att\u012bst\u012bt\u0101js<\/div><div class=\"h2 mb-1 h1\" >River Breeze Residences att\u012bst\u012bt\u0101js ir AS Pro Kapital Grupp ar vair\u0101k nek\u0101 25 gadu pieredzi<\/div>      <\/div>\n\n      <div class=\"combo-column__right w-16 mr-4\">\n        <div class=\"text mt-1\" >River Breeze Residences att\u012bst\u012bt\u0101js ir AS Pro Kapital Grupp ar vair\u0101k nek\u0101 25 gadu pieredzi k\u0101 vienai no vec\u0101kaj\u0101m un vado\u0161aj\u0101m nekustamo \u012bpa\u0161umu att\u012bst\u012bt\u0101ju komp\u0101nij\u0101m Baltij\u0101. Pro Kapital akcijas tiek kot\u0113tas Tallinas Fondu bir\u017e\u0101 un uz\u0146\u0113mums ir koncentr\u0113jies uz lielu dz\u012bvojamo un biznesa kvart\u0101lu att\u012bst\u012bbu Tallin\u0101, R\u012bg\u0101 un Vi\u013c\u0146\u0101. L\u012bdz ar to Sabiedr\u012bba veido visu dz\u012bvojamo vidi un pie\u0161\u0137irot jaunas, m\u016b\u017e\u012bgas v\u0113rt\u012bbas visai teritorijai.<\/div>      <\/div>\n    <\/div>\n  <\/div>\n<\/section>\r\n\r\n\r\n<div class=\"is-layout-flex wp-container-3 wp-block-columns has-2-columns w-41 ml-auto mb-4 mt-4 ui row h-end\">\r\n<div class=\"is-layout-flow wp-block-column\">\r\n<p class=\"sub-title w-12 mr-4\">P\u0101rdo\u0161ana<\/p>\r\n\r\n\r\n\r\n<h2 class=\"h2 w-12 mr-4 mt-1\">Par rezerv\u0101cijas iesp\u0113j\u0101m un papildus inform\u0101ciju, l\u016bdzu, sazinieties ar m\u016bsu p\u0101rdo\u0161anas person\u0101lu.<\/h2>\r\n<\/div>\r\n\r\n\r\n\r\n<div class=\"is-layout-flow wp-block-column\">\n<section id=\"combo-column-block_5d4933bc52c9c\" class=\"combo-column alignwide  \">\n    <div class=\"combo-column__container mr-4 w-16 pr-2\">\n    \n    <div class=\"combo-column__content ui row \">\n      <div class=\"combo-column__left w-8 mr-1\">\n        <div class='media media__image w-8'><div class='media__item '  data-width=\"256\" data-height=\"256\" data-ratio='256\/256' ><img class='lazyload media__image' src='data:image\/gif;base64,R0lGODlhAQABAAAAACH5BAEKAAEALAAAAAABAAEAAAICTAEAOw==' data-srcset='https:\/\/riverbreeze.eu\/wp-content\/uploads\/2020\/01\/Una1-e1579093844673.jpg 1100w,https:\/\/riverbreeze.eu\/wp-content\/uploads\/2020\/01\/Una1-e1579093844673.jpg 1100w,https:\/\/riverbreeze.eu\/wp-content\/uploads\/2020\/01\/Una1-e1579093844673.jpg 1100w,https:\/\/riverbreeze.eu\/wp-content\/uploads\/2020\/01\/Una1-e1579093844673-768x512.jpg 768w,https:\/\/riverbreeze.eu\/wp-content\/uploads\/2020\/01\/Una1-e1579093844673-320x213.jpg 320w' data-sizes='auto' \/><\/div><\/div>      <\/div>\n\n      <div class=\"combo-column__right w-7\">\n        <div class=\"text h3 mb-1\" >Una Pilmane<\/div><div class=\"text \" >P\u0101rdo\u0161anas noda\u013cas vad\u012bt\u0101ja<\/div><div class=\"text \" data-link=\"mailto:una@prokapital.lv\" data-link-blank>una@prokapital.lv<\/div><div class=\"text \" data-link=\"tel:+371 2208 4598\" data-link-blank>+371 2208 4598<\/div><div class=\"button button button--bordered mt-1 mr-auto\" data-link=\"#contact\">Sazinieties ar mani<\/div>      <\/div>\n    <\/div>\n  <\/div>\n<\/section><\/div>\r\n<\/div>\r\n\r\n\r\n<section id=\"slideshow-block_5d480f14e8091\" data-slideshow class=\"w-41 w-fluid slideshow w-45 alignwide w-41 ml-auto mb-4 mt-4 ui row h-end no-arrows narrow\">\n  <div class=\"slideshow__container w-41\">\n        <div class=\"slideshow__canvas\" data-slideshow-canvas data-slideshow-dots data-slideshow-infinite data-slideshow-fade >\n                        <div class=\"slideshow__object\" data-group=\"tallinn-estonia\">\n            <div class='media media__image w-25'><div class='media__item slideshow__media w-25'  data-width=\"800\" data-height=\"512\" data-ratio='800\/512' ><img class='lazyload media__image' src='data:image\/gif;base64,R0lGODlhAQABAAAAACH5BAEKAAEALAAAAAABAAEAAAICTAEAOw==' data-srcset='https:\/\/riverbreeze.eu\/wp-content\/uploads\/2021\/11\/SLRT_21_ngt-2560x1440.jpg 2560w,https:\/\/riverbreeze.eu\/wp-content\/uploads\/2021\/11\/SLRT_21_ngt-1920x1080.jpg 1920w,https:\/\/riverbreeze.eu\/wp-content\/uploads\/2021\/11\/SLRT_21_ngt-1440x810.jpg 1440w,https:\/\/riverbreeze.eu\/wp-content\/uploads\/2021\/11\/SLRT_21_ngt-768x432.jpg 768w,https:\/\/riverbreeze.eu\/wp-content\/uploads\/2021\/11\/SLRT_21_ngt-320x180.jpg 320w' data-sizes='auto' \/><\/div><\/div>\n\n                          <div class=\"slideshow__content w-16 bg--brown ui column v-between pt-1 pl-3 pb-1\">\n                                  <div class=\"sub-title\">Tallinn, Estonia<\/div>\n                \n                                  <div class=\"h2\">Kalaranna District<\/div>\n                \n                                  <a href=\"https:\/\/kalaranna8.com\/\" class=\"href mr-auto href--has-arrow\">Webpage<\/a>\n                              <\/div>\n                      <\/div>\n                  <div class=\"slideshow__object\" data-group=\"tallinn-estonia\">\n            <div class='media media__image w-25'><div class='media__item slideshow__media w-25'  data-width=\"800\" data-height=\"512\" data-ratio='800\/512' ><img class='lazyload media__image' src='data:image\/gif;base64,R0lGODlhAQABAAAAACH5BAEKAAEALAAAAAABAAEAAAICTAEAOw==' data-srcset='https:\/\/riverbreeze.eu\/wp-content\/uploads\/2021\/11\/Kindrali-Houses.jpg 2050w,https:\/\/riverbreeze.eu\/wp-content\/uploads\/2021\/11\/Kindrali-Houses-1920x1080.jpg 1920w,https:\/\/riverbreeze.eu\/wp-content\/uploads\/2021\/11\/Kindrali-Houses-1440x810.jpg 1440w,https:\/\/riverbreeze.eu\/wp-content\/uploads\/2021\/11\/Kindrali-Houses-768x432.jpg 768w,https:\/\/riverbreeze.eu\/wp-content\/uploads\/2021\/11\/Kindrali-Houses-320x180.jpg 320w' data-sizes='auto' \/><\/div><\/div>\n\n                          <div class=\"slideshow__content w-16 bg--brown ui column v-between pt-1 pl-3 pb-1\">\n                                  <div class=\"sub-title\">Tallinn, Estonia<\/div>\n                \n                                  <div class=\"h2\">Kindrali Houses<\/div>\n                \n                                  <a href=\"https:\/\/kindralimajad.kristiinecity.ee\/en\/\" class=\"href mr-auto href--has-arrow\">Webpage<\/a>\n                              <\/div>\n                      <\/div>\n                  <div class=\"slideshow__object\" data-group=\"tallinn-estonia\">\n            <div class='media media__image w-25'><div class='media__item slideshow__media w-25'  data-width=\"800\" data-height=\"512\" data-ratio='800\/512' ><img class='lazyload media__image' src='data:image\/gif;base64,R0lGODlhAQABAAAAACH5BAEKAAEALAAAAAABAAEAAAICTAEAOw==' data-srcset='https:\/\/riverbreeze.eu\/wp-content\/uploads\/2021\/11\/DUNTE_Tondi-53-2560x1573.jpg 2560w,https:\/\/riverbreeze.eu\/wp-content\/uploads\/2021\/11\/DUNTE_Tondi-53-1920x1180.jpg 1920w,https:\/\/riverbreeze.eu\/wp-content\/uploads\/2021\/11\/DUNTE_Tondi-53-1440x885.jpg 1440w,https:\/\/riverbreeze.eu\/wp-content\/uploads\/2021\/11\/DUNTE_Tondi-53-768x472.jpg 768w,https:\/\/riverbreeze.eu\/wp-content\/uploads\/2021\/11\/DUNTE_Tondi-53-320x197.jpg 320w' data-sizes='auto' \/><\/div><\/div>\n\n                          <div class=\"slideshow__content w-16 bg--brown ui column v-between pt-1 pl-3 pb-1\">\n                                  <div class=\"sub-title\">Tallinn, Estonia<\/div>\n                \n                                  <div class=\"h2\">DUNTE<\/div>\n                \n                                  <a href=\"https:\/\/dunte.ee\/en\/\" class=\"href mr-auto href--has-arrow\">Webpage<\/a>\n                              <\/div>\n                      <\/div>\n                  <div class=\"slideshow__object\" data-group=\"tallinn-estonia\">\n            <div class='media media__image w-25'><div class='media__item slideshow__media w-25'  data-width=\"800\" data-height=\"512\" data-ratio='800\/512' ><img class='lazyload media__image' src='data:image\/gif;base64,R0lGODlhAQABAAAAACH5BAEKAAEALAAAAAABAAEAAAICTAEAOw==' data-srcset='https:\/\/riverbreeze.eu\/wp-content\/uploads\/2021\/11\/Kristiine-City.jpg 2500w,https:\/\/riverbreeze.eu\/wp-content\/uploads\/2021\/11\/Kristiine-City-1920x1440.jpg 1920w,https:\/\/riverbreeze.eu\/wp-content\/uploads\/2021\/11\/Kristiine-City-1440x1080.jpg 1440w,https:\/\/riverbreeze.eu\/wp-content\/uploads\/2021\/11\/Kristiine-City-768x576.jpg 768w,https:\/\/riverbreeze.eu\/wp-content\/uploads\/2021\/11\/Kristiine-City-320x240.jpg 320w' data-sizes='auto' \/><\/div><\/div>\n\n                          <div class=\"slideshow__content w-16 bg--brown ui column v-between pt-1 pl-3 pb-1\">\n                                  <div class=\"sub-title\">Tallinn, Estonia<\/div>\n                \n                                  <div class=\"h2\">Kristiine City<\/div>\n                \n                                  <a href=\"https:\/\/kristiinecity.ee\/en\/\" class=\"href mr-auto href--has-arrow\">Webpage<\/a>\n                              <\/div>\n                      <\/div>\n                  <\/div>\n\n      <\/div>\n<\/section>\n\r\n\r\n\r\n<p><\/p>\r\n","protected":false},"excerpt":{"rendered":"<p>P\u0101rdo\u0161ana Par rezerv\u0101cijas iesp\u0113j\u0101m un papildus inform\u0101ciju, l\u016bdzu, sazinieties ar m\u016bsu p\u0101rdo\u0161anas person\u0101lu.<\/p>\n","protected":false},"author":14,"featured_media":0,"parent":0,"menu_order":4,"comment_status":"closed","ping_status":"closed","template":"","meta":[],"yoast_head":"<!-- This site is optimized with the Yoast SEO plugin v19.11 - https:\/\/yoast.com\/wordpress\/plugins\/seo\/ -->\n<title>Att\u012bst\u012bt\u0101js - Riverbreeze<\/title>\n<meta name=\"robots\" content=\"index, follow, max-snippet:-1, max-image-preview:large, max-video-preview:-1\" \/>\n<link rel=\"canonical\" href=\"https:\/\/riverbreeze.eu\/lv\/developer\/\" \/>\n<meta property=\"og:locale\" content=\"lv_LV\" \/>\n<meta property=\"og:type\" content=\"article\" \/>\n<meta property=\"og:title\" content=\"Att\u012bst\u012bt\u0101js - Riverbreeze\" \/>\n<meta property=\"og:description\" content=\"P\u0101rdo\u0161ana Par rezerv\u0101cijas iesp\u0113j\u0101m un papildus inform\u0101ciju, l\u016bdzu, sazinieties ar m\u016bsu p\u0101rdo\u0161anas person\u0101lu.\" \/>\n<meta property=\"og:url\" content=\"https:\/\/riverbreeze.eu\/lv\/developer\/\" \/>\n<meta property=\"og:site_name\" content=\"Riverbreeze\" \/>\n<meta property=\"article:publisher\" content=\"https:\/\/riverbreeze.eu\/\" \/>\n<meta property=\"article:modified_time\" content=\"2021-11-11T14:39:02+00:00\" \/>\n<meta name=\"twitter:card\" content=\"summary_large_image\" \/>\n<meta name=\"twitter:site\" content=\"@UPilmane\" \/>\n<script type=\"application\/ld+json\" class=\"yoast-schema-graph\">{\"@context\":\"https:\/\/schema.org\",\"@graph\":[{\"@type\":\"WebPage\",\"@id\":\"https:\/\/riverbreeze.eu\/lv\/developer\/\",\"url\":\"https:\/\/riverbreeze.eu\/lv\/developer\/\",\"name\":\"Att\u012bst\u012bt\u0101js - Riverbreeze\",\"isPartOf\":{\"@id\":\"https:\/\/riverbreeze.eu\/#website\"},\"datePublished\":\"2019-07-04T09:22:31+00:00\",\"dateModified\":\"2021-11-11T14:39:02+00:00\",\"breadcrumb\":{\"@id\":\"https:\/\/riverbreeze.eu\/lv\/developer\/#breadcrumb\"},\"inLanguage\":\"lv-LV\",\"potentialAction\":[{\"@type\":\"ReadAction\",\"target\":[\"https:\/\/riverbreeze.eu\/lv\/developer\/\"]}]},{\"@type\":\"BreadcrumbList\",\"@id\":\"https:\/\/riverbreeze.eu\/lv\/developer\/#breadcrumb\",\"itemListElement\":[{\"@type\":\"ListItem\",\"position\":1,\"name\":\"Home\",\"item\":\"https:\/\/riverbreeze.eu\/lv\/\"},{\"@type\":\"ListItem\",\"position\":2,\"name\":\"Att\u012bst\u012bt\u0101js\"}]},{\"@type\":\"WebSite\",\"@id\":\"https:\/\/riverbreeze.eu\/#website\",\"url\":\"https:\/\/riverbreeze.eu\/\",\"name\":\"Riverbreeze\",\"description\":\"\",\"publisher\":{\"@id\":\"https:\/\/riverbreeze.eu\/#organization\"},\"potentialAction\":[{\"@type\":\"SearchAction\",\"target\":{\"@type\":\"EntryPoint\",\"urlTemplate\":\"https:\/\/riverbreeze.eu\/?s={search_term_string}\"},\"query-input\":\"required name=search_term_string\"}],\"inLanguage\":\"lv-LV\"},{\"@type\":\"Organization\",\"@id\":\"https:\/\/riverbreeze.eu\/#organization\",\"name\":\"River Breeze Residence\",\"url\":\"https:\/\/riverbreeze.eu\/\",\"logo\":{\"@type\":\"ImageObject\",\"inLanguage\":\"lv-LV\",\"@id\":\"https:\/\/riverbreeze.eu\/#\/schema\/logo\/image\/\",\"url\":\"https:\/\/riverbreeze.eu-content\/uploads\/2020\/01\/riverbreeze-logo.png\",\"contentUrl\":\"https:\/\/riverbreeze.eu-content\/uploads\/2020\/01\/riverbreeze-logo.png\",\"width\":700,\"height\":700,\"caption\":\"River Breeze Residence\"},\"image\":{\"@id\":\"https:\/\/riverbreeze.eu\/#\/schema\/logo\/image\/\"},\"sameAs\":[\"https:\/\/www.instagram.com\/kliversalaskvartals\/\",\"https:\/\/www.linkedin.com\/in\/una-pilmane-1b26a517\/\",\"https:\/\/riverbreeze.eu\/\",\"https:\/\/twitter.com\/UPilmane\"]}]}<\/script>\n<!-- \/ Yoast SEO plugin. -->","yoast_head_json":{"title":"Att\u012bst\u012bt\u0101js - Riverbreeze","robots":{"index":"index","follow":"follow","max-snippet":"max-snippet:-1","max-image-preview":"max-image-preview:large","max-video-preview":"max-video-preview:-1"},"canonical":"https:\/\/riverbreeze.eu\/lv\/developer\/","og_locale":"lv_LV","og_type":"article","og_title":"Att\u012bst\u012bt\u0101js - Riverbreeze","og_description":"P\u0101rdo\u0161ana Par rezerv\u0101cijas iesp\u0113j\u0101m un papildus inform\u0101ciju, l\u016bdzu, sazinieties ar m\u016bsu p\u0101rdo\u0161anas person\u0101lu.","og_url":"https:\/\/riverbreeze.eu\/lv\/developer\/","og_site_name":"Riverbreeze","article_publisher":"https:\/\/riverbreeze.eu\/","article_modified_time":"2021-11-11T14:39:02+00:00","twitter_card":"summary_large_image","twitter_site":"@UPilmane","schema":{"@context":"https:\/\/schema.org","@graph":[{"@type":"WebPage","@id":"https:\/\/riverbreeze.eu\/lv\/developer\/","url":"https:\/\/riverbreeze.eu\/lv\/developer\/","name":"Att\u012bst\u012bt\u0101js - Riverbreeze","isPartOf":{"@id":"https:\/\/riverbreeze.eu\/#website"},"datePublished":"2019-07-04T09:22:31+00:00","dateModified":"2021-11-11T14:39:02+00:00","breadcrumb":{"@id":"https:\/\/riverbreeze.eu\/lv\/developer\/#breadcrumb"},"inLanguage":"lv-LV","potentialAction":[{"@type":"ReadAction","target":["https:\/\/riverbreeze.eu\/lv\/developer\/"]}]},{"@type":"BreadcrumbList","@id":"https:\/\/riverbreeze.eu\/lv\/developer\/#breadcrumb","itemListElement":[{"@type":"ListItem","position":1,"name":"Home","item":"https:\/\/riverbreeze.eu\/lv\/"},{"@type":"ListItem","position":2,"name":"Att\u012bst\u012bt\u0101js"}]},{"@type":"WebSite","@id":"https:\/\/riverbreeze.eu\/#website","url":"https:\/\/riverbreeze.eu\/","name":"Riverbreeze","description":"","publisher":{"@id":"https:\/\/riverbreeze.eu\/#organization"},"potentialAction":[{"@type":"SearchAction","target":{"@type":"EntryPoint","urlTemplate":"https:\/\/riverbreeze.eu\/?s={search_term_string}"},"query-input":"required name=search_term_string"}],"inLanguage":"lv-LV"},{"@type":"Organization","@id":"https:\/\/riverbreeze.eu\/#organization","name":"River Breeze Residence","url":"https:\/\/riverbreeze.eu\/","logo":{"@type":"ImageObject","inLanguage":"lv-LV","@id":"https:\/\/riverbreeze.eu\/#\/schema\/logo\/image\/","url":"https:\/\/riverbreeze.eu-content\/uploads\/2020\/01\/riverbreeze-logo.png","contentUrl":"https:\/\/riverbreeze.eu-content\/uploads\/2020\/01\/riverbreeze-logo.png","width":700,"height":700,"caption":"River Breeze Residence"},"image":{"@id":"https:\/\/riverbreeze.eu\/#\/schema\/logo\/image\/"},"sameAs":["https:\/\/www.instagram.com\/kliversalaskvartals\/","https:\/\/www.linkedin.com\/in\/una-pilmane-1b26a517\/","https:\/\/riverbreeze.eu\/","https:\/\/twitter.com\/UPilmane"]}]}},"acf":[],"_links":{"self":[{"href":"https:\/\/riverbreeze.eu\/lv\/wp-json\/wp\/v2\/pages\/941"}],"collection":[{"href":"https:\/\/riverbreeze.eu\/lv\/wp-json\/wp\/v2\/pages"}],"about":[{"href":"https:\/\/riverbreeze.eu\/lv\/wp-json\/wp\/v2\/types\/page"}],"author":[{"embeddable":true,"href":"https:\/\/riverbreeze.eu\/lv\/wp-json\/wp\/v2\/users\/14"}],"replies":[{"embeddable":true,"href":"https:\/\/riverbreeze.eu\/lv\/wp-json\/wp\/v2\/comments?post=941"}],"version-history":[{"count":40,"href":"https:\/\/riverbreeze.eu\/lv\/wp-json\/wp\/v2\/pages\/941\/revisions"}],"predecessor-version":[{"id":2271,"href":"https:\/\/riverbreeze.eu\/lv\/wp-json\/wp\/v2\/pages\/941\/revisions\/2271"}],"wp:attachment":[{"href":"https:\/\/riverbreeze.eu\/lv\/wp-json\/wp\/v2\/media?parent=941"}],"curies":[{"name":"wp","href":"https:\/\/api.w.org\/{rel}","templated":true}]}}